{"id":122,"date":"2020-07-03T16:54:51","date_gmt":"2020-07-03T16:54:51","guid":{"rendered":"http:\/\/kozmeticki-salon-catharsis.com\/?page_id=122"},"modified":"2024-02-06T11:25:46","modified_gmt":"2024-02-06T11:25:46","slug":"izdvajamo","status":"publish","type":"page","link":"https:\/\/kozmeticki-salon-catharsis.com\/?page_id=122","title":{"rendered":"IZDVAJAMO"},"content":{"rendered":"\n<div class=\"wp-block-columns is-layout-flex wp-container-core-columns-is-layout-9d6595d7 wp-block-columns-is-layout-flex\">\n<div class=\"wp-block-column is-layout-flow wp-block-column-is-layout-flow\">\n<figure class=\"wp-block-image size-large\"><img loading=\"lazy\" decoding=\"async\" width=\"1024\" height=\"533\" src=\"https:\/\/kozmeticki-salon-catharsis.com\/wp-content\/uploads\/2020\/07\/footlogix-1-1024x533.jpg\" alt=\"\" class=\"wp-image-123\" srcset=\"https:\/\/kozmeticki-salon-catharsis.com\/wp-content\/uploads\/2020\/07\/footlogix-1-1024x533.jpg 1024w, https:\/\/kozmeticki-salon-catharsis.com\/wp-content\/uploads\/2020\/07\/footlogix-1-300x156.jpg 300w, https:\/\/kozmeticki-salon-catharsis.com\/wp-content\/uploads\/2020\/07\/footlogix-1-768x400.jpg 768w, https:\/\/kozmeticki-salon-catharsis.com\/wp-content\/uploads\/2020\/07\/footlogix-1-115x60.jpg 115w, https:\/\/kozmeticki-salon-catharsis.com\/wp-content\/uploads\/2020\/07\/footlogix-1.jpg 1124w\" sizes=\"auto, (max-width: 1024px) 100vw, 1024px\" \/><\/figure>\n\n\n\n<h3 class=\"wp-block-heading has-text-align-center\">FOOTLOGIX PEDIKERSKA LINIJA<\/h3>\n\n\n\n<p>Footlogix<sup>\u00ae<\/sup>&nbsp;je prva i jedina pedikerska linija za njegu stopala Pediceutical<sup>\u00ae<\/sup>&nbsp;koja nudi inovativne u\u010dinkovite proizvode koji rezultiraju transformacijom. Osim \u0161to je ova revolucironarna linija proizvoda podignula profesionalnu pedikuru na novu razinu, njihove proizvode tako\u0111er mo\u017eete kupiti kod nas kako bi lagano i kontinuirano odr\u017eavali njegovana i meka stopala.  <br><\/p>\n<\/div>\n\n\n\n<div class=\"wp-block-column is-layout-flow wp-block-column-is-layout-flow\"><div class=\"wp-block-image\">\n<figure class=\"aligncenter size-large\"><img loading=\"lazy\" decoding=\"async\" width=\"1024\" height=\"475\" src=\"https:\/\/kozmeticki-salon-catharsis.com\/wp-content\/uploads\/2020\/07\/AIKON-3-1024x475.jpg\" alt=\"\" class=\"wp-image-124\" srcset=\"https:\/\/kozmeticki-salon-catharsis.com\/wp-content\/uploads\/2020\/07\/AIKON-3-1024x475.jpg 1024w, https:\/\/kozmeticki-salon-catharsis.com\/wp-content\/uploads\/2020\/07\/AIKON-3-300x139.jpg 300w, https:\/\/kozmeticki-salon-catharsis.com\/wp-content\/uploads\/2020\/07\/AIKON-3-768x356.jpg 768w, https:\/\/kozmeticki-salon-catharsis.com\/wp-content\/uploads\/2020\/07\/AIKON-3-1536x713.jpg 1536w, https:\/\/kozmeticki-salon-catharsis.com\/wp-content\/uploads\/2020\/07\/AIKON-3-2048x950.jpg 2048w, https:\/\/kozmeticki-salon-catharsis.com\/wp-content\/uploads\/2020\/07\/AIKON-3-129x60.jpg 129w\" sizes=\"auto, (max-width: 1024px) 100vw, 1024px\" \/><\/figure>\n<\/div>\n\n\n<h3 class=\"wp-block-heading has-text-align-center\">AIKON KOZMETIKA<\/h3>\n\n\n\n<p>AIKON je prvi svjetski proizvo\u0111a\u010d koji je formulirao proizvode temeljene na opse\u017enim demografskim mjerenjima i uveo  praksu u profesionalni kozmeti\u010dki sektor, \u010dije se prakti\u010dne odluke temelje na relevantnim znanstvenim istra\u017eivanjima, najnaprednijim saznanjima i mjerljivim rezultatima.<br>Osobni pristup uklju\u010duje DermadiagnostikuTM- dubinski pregled svih slojeva ko\u017ee i osobno prilago\u0111eni program terapije.<\/p>\n<\/div>\n\n\n\n<div class=\"wp-block-column is-layout-flow wp-block-column-is-layout-flow\"><div class=\"wp-block-image\">\n<figure class=\"aligncenter size-full\"><img loading=\"lazy\" decoding=\"async\" width=\"620\" height=\"413\" src=\"https:\/\/kozmeticki-salon-catharsis.com\/wp-content\/uploads\/2024\/02\/what-is-a-pedicure-what-does-a-pedicure-feel-like.png\" alt=\"\" class=\"wp-image-249\" srcset=\"https:\/\/kozmeticki-salon-catharsis.com\/wp-content\/uploads\/2024\/02\/what-is-a-pedicure-what-does-a-pedicure-feel-like.png 620w, https:\/\/kozmeticki-salon-catharsis.com\/wp-content\/uploads\/2024\/02\/what-is-a-pedicure-what-does-a-pedicure-feel-like-300x200.png 300w, https:\/\/kozmeticki-salon-catharsis.com\/wp-content\/uploads\/2024\/02\/what-is-a-pedicure-what-does-a-pedicure-feel-like-450x300.png 450w, https:\/\/kozmeticki-salon-catharsis.com\/wp-content\/uploads\/2024\/02\/what-is-a-pedicure-what-does-a-pedicure-feel-like-90x60.png 90w\" sizes=\"auto, (max-width: 620px) 100vw, 620px\" \/><\/figure>\n<\/div>\n\n\n<h3 class=\"wp-block-heading has-text-align-center\">MEDICINSKA PEDIKURA<\/h3>\n\n\n\n<p>U ponudi imamo i tretman medicinske pedikure koji podrazumijeva sve dijelove klasi\u010dne pedikure uz dodatak rje\u0161avanja medicinskih problema poput ragada, uraslog notka, zadebljane ko\u017ee, \u017euljeva, kurjeg oka, natisaka ili ostalih ko\u017enih problema na nogama.<\/p>\n<\/div>\n<\/div>\n\n\n\n<div class=\"wp-block-columns is-layout-flex wp-container-core-columns-is-layout-9d6595d7 wp-block-columns-is-layout-flex\">\n<div class=\"wp-block-column is-layout-flow wp-block-column-is-layout-flow\">\n<figure class=\"wp-block-image size-large\"><img loading=\"lazy\" decoding=\"async\" width=\"1024\" height=\"683\" src=\"https:\/\/kozmeticki-salon-catharsis.com\/wp-content\/uploads\/2020\/07\/GKR_8022-1-1024x683.jpg\" alt=\"\" class=\"wp-image-142\" srcset=\"https:\/\/kozmeticki-salon-catharsis.com\/wp-content\/uploads\/2020\/07\/GKR_8022-1-1024x683.jpg 1024w, https:\/\/kozmeticki-salon-catharsis.com\/wp-content\/uploads\/2020\/07\/GKR_8022-1-300x200.jpg 300w, https:\/\/kozmeticki-salon-catharsis.com\/wp-content\/uploads\/2020\/07\/GKR_8022-1-768x512.jpg 768w, https:\/\/kozmeticki-salon-catharsis.com\/wp-content\/uploads\/2020\/07\/GKR_8022-1-1536x1024.jpg 1536w, https:\/\/kozmeticki-salon-catharsis.com\/wp-content\/uploads\/2020\/07\/GKR_8022-1-2048x1366.jpg 2048w, https:\/\/kozmeticki-salon-catharsis.com\/wp-content\/uploads\/2020\/07\/GKR_8022-1-450x300.jpg 450w, https:\/\/kozmeticki-salon-catharsis.com\/wp-content\/uploads\/2020\/07\/GKR_8022-1-90x60.jpg 90w\" sizes=\"auto, (max-width: 1024px) 100vw, 1024px\" \/><\/figure>\n\n\n\n<h3 class=\"wp-block-heading\">SHELLAC trajni lak<\/h3>\n\n\n\n<p>Shellac trajni lak nova je tehnologija koja sa svojim aktivnim hranjivim supstancama koje su dodane u lak hrani, vla\u017ei nokat i \u0161titi ga od bilo kakvih o\u0161te\u0107enja. Lak se jednostavno nanosi, postojan je kao gel i lako se skida. Garantira visoki sjaj dva tjedna, mogu\u0107e ga je aplicirati na gel te se vrlo lako uklanja.Shellac za razliku od trajnog gela ne o\u0161te\u0107uje plo\u010du nokta, te se jednostavno skida acetonskom otopinom bez prethodnog ra\u0161panja nokta. Odmah nakon nano\u0161enja otporan je na grebanje, guljenje i druga o\u0161te\u0107enja. Nokti sa Shellackom postaju otporniji i tvr\u0111i, bilo da se radi o noktima na rukama ili na nogama, a namaz je prirodan i tanak. U na\u0161em salonu mo\u017eete birati izme\u0111u \u010dak osamdeset nijansi. \ud83d\ude42 <\/p>\n<\/div>\n\n\n\n<div class=\"wp-block-column is-layout-flow wp-block-column-is-layout-flow\">\n<figure class=\"wp-block-image size-large\"><img loading=\"lazy\" decoding=\"async\" width=\"700\" height=\"403\" src=\"https:\/\/kozmeticki-salon-catharsis.com\/wp-content\/uploads\/2020\/07\/ekstenzije.jpg\" alt=\"\" class=\"wp-image-143\" srcset=\"https:\/\/kozmeticki-salon-catharsis.com\/wp-content\/uploads\/2020\/07\/ekstenzije.jpg 700w, https:\/\/kozmeticki-salon-catharsis.com\/wp-content\/uploads\/2020\/07\/ekstenzije-300x173.jpg 300w, https:\/\/kozmeticki-salon-catharsis.com\/wp-content\/uploads\/2020\/07\/ekstenzije-330x190.jpg 330w, https:\/\/kozmeticki-salon-catharsis.com\/wp-content\/uploads\/2020\/07\/ekstenzije-104x60.jpg 104w\" sizes=\"auto, (max-width: 700px) 100vw, 700px\" \/><\/figure>\n\n\n\n<h3 class=\"wp-block-heading\">Ekstenzije trepavica<\/h3>\n\n\n\n<p>Ekstenzija trepavica proces je kojim se pojedina\u010dno, jedna po jedna ekstenzija lijepi neposredno uz korijen prirodnih trepavica, \u0161to ovaj postupak \u010dini trajnijim i ugodnijim rje\u0161enjem od lijepljenja, u pravilu neprakti\u010dnih, klasi\u010dnih umjetnih trepavica.<\/p>\n\n\n\n<p>Ovisno o du\u017eini Va\u0161ih trepavica, na\u0161 \u0107e tim za Vas odabrati idealnu du\u017einu kako bi Va\u0161 pogled prirodno dobio na dubini..Ekstenzije padaju zajedno sa va\u0161im prirodnim trepavicama, a nakon prve ugradnje, potrebno je samo i\u0107i na njegu na kojoj \u0107e se jednostavno i brzo nadopuniti trepavice koje su pale prirodnim putem. <\/p>\n<\/div>\n<\/div>\n","protected":false},"excerpt":{"rendered":"<p>FOOTLOGIX PEDIKERSKA LINIJA Footlogix\u00ae&nbsp;je prva i jedina pedikerska linija za njegu stopala Pediceutical\u00ae&nbsp;koja nudi inovativne u\u010dinkovite proizvode koji rezultiraju transformacijom. Osim \u0161to je ova revolucironarna linija proizvoda podignula profesionalnu pedikuru na novu razinu, njihove proizvode tako\u0111er mo\u017eete kupiti kod nas kako bi lagano i kontinuirano odr\u017eavali njegovana i meka stopala. AIKON KOZMETIKA AIKON je prvi &hellip; <\/p>\n","protected":false},"author":1,"featured_media":81,"parent":0,"menu_order":0,"comment_status":"closed","ping_status":"closed","template":"","meta":{"_monsterinsights_skip_tracking":false,"_monsterinsights_sitenote_active":false,"_monsterinsights_sitenote_note":"","_monsterinsights_sitenote_category":0,"footnotes":""},"class_list":["post-122","page","type-page","status-publish","has-post-thumbnail","hentry"],"aioseo_notices":[],"_links":{"self":[{"href":"https:\/\/kozmeticki-salon-catharsis.com\/index.php?rest_route=\/wp\/v2\/pages\/122","targetHints":{"allow":["GET"]}}],"collection":[{"href":"https:\/\/kozmeticki-salon-catharsis.com\/index.php?rest_route=\/wp\/v2\/pages"}],"about":[{"href":"https:\/\/kozmeticki-salon-catharsis.com\/index.php?rest_route=\/wp\/v2\/types\/page"}],"author":[{"embeddable":true,"href":"https:\/\/kozmeticki-salon-catharsis.com\/index.php?rest_route=\/wp\/v2\/users\/1"}],"replies":[{"embeddable":true,"href":"https:\/\/kozmeticki-salon-catharsis.com\/index.php?rest_route=%2Fwp%2Fv2%2Fcomments&post=122"}],"version-history":[{"count":4,"href":"https:\/\/kozmeticki-salon-catharsis.com\/index.php?rest_route=\/wp\/v2\/pages\/122\/revisions"}],"predecessor-version":[{"id":250,"href":"https:\/\/kozmeticki-salon-catharsis.com\/index.php?rest_route=\/wp\/v2\/pages\/122\/revisions\/250"}],"wp:featuredmedia":[{"embeddable":true,"href":"https:\/\/kozmeticki-salon-catharsis.com\/index.php?rest_route=\/wp\/v2\/media\/81"}],"wp:attachment":[{"href":"https:\/\/kozmeticki-salon-catharsis.com\/index.php?rest_route=%2Fwp%2Fv2%2Fmedia&parent=122"}],"curies":[{"name":"wp","href":"https:\/\/api.w.org\/{rel}","templated":true}]}}