{"id":129,"date":"2020-07-02T17:10:26","date_gmt":"2020-07-02T17:10:26","guid":{"rendered":"http:\/\/kozmeticki-salon-catharsis.com\/?page_id=129"},"modified":"2020-07-03T18:05:03","modified_gmt":"2020-07-03T18:05:03","slug":"rezerviraj-svoj-termin","status":"publish","type":"page","link":"https:\/\/kozmeticki-salon-catharsis.com\/?page_id=129","title":{"rendered":"REZERVIRAJ TERMIN ONLINE!"},"content":{"rendered":"\n<div class=\"wp-block-image\"><figure class=\"aligncenter\"><img loading=\"lazy\" decoding=\"async\" width=\"1024\" height=\"683\" src=\"https:\/\/kozmeticki-salon-catharsis.com\/wp-content\/uploads\/2020\/07\/ONLINE-1-1024x683.jpg\" alt=\"\" class=\"wp-image-135\" srcset=\"https:\/\/kozmeticki-salon-catharsis.com\/wp-content\/uploads\/2020\/07\/ONLINE-1-1024x683.jpg 1024w, https:\/\/kozmeticki-salon-catharsis.com\/wp-content\/uploads\/2020\/07\/ONLINE-1-300x200.jpg 300w, https:\/\/kozmeticki-salon-catharsis.com\/wp-content\/uploads\/2020\/07\/ONLINE-1-768x512.jpg 768w, https:\/\/kozmeticki-salon-catharsis.com\/wp-content\/uploads\/2020\/07\/ONLINE-1-1536x1024.jpg 1536w, https:\/\/kozmeticki-salon-catharsis.com\/wp-content\/uploads\/2020\/07\/ONLINE-1-2048x1365.jpg 2048w, https:\/\/kozmeticki-salon-catharsis.com\/wp-content\/uploads\/2020\/07\/ONLINE-1-450x300.jpg 450w, https:\/\/kozmeticki-salon-catharsis.com\/wp-content\/uploads\/2020\/07\/ONLINE-1-90x60.jpg 90w\" sizes=\"auto, (max-width: 1024px) 100vw, 1024px\" \/><\/figure><\/div>\n\n\n<p><iframe style=\"width: 100%; max-width: 700px; height: 600px; border: none;\" src=\"https:\/\/catharsis-doo.salonized.com\/bookings\/new?layout=embed\"><\/iframe><\/p>\n\n\n<p>Od sada kod nas svoj termin mo\u017ee\u0161 rezervirati i ONLINE!<br>Nestali su dani kada ste morali \u010dekati pauzu kako biste mogli obaviti telefonski poziv i rezervirati svoj termin<strong>.<\/strong><\/p>\n\n\n\n<p>Pomo\u0107u na\u0161e jednostavne aplikacije, jednostavno odaberete odgovaraju\u0107i termin, \u017eeljeni tretman i potvrda sti\u017ee na va\u0161u e-mail adresu.<\/p>\n","protected":false},"excerpt":{"rendered":"<p>Od sada kod nas svoj termin mo\u017ee\u0161 rezervirati i ONLINE!Nestali su dani kada ste morali \u010dekati pauzu kako biste mogli obaviti telefonski poziv i rezervirati svoj termin. Pomo\u0107u na\u0161e jednostavne aplikacije, jednostavno odaberete odgovaraju\u0107i termin, \u017eeljeni tretman i potvrda sti\u017ee na va\u0161u e-mail adresu.<\/p>\n","protected":false},"author":1,"featured_media":0,"parent":0,"menu_order":0,"comment_status":"closed","ping_status":"closed","template":"","meta":{"_monsterinsights_skip_tracking":false,"_monsterinsights_sitenote_active":false,"_monsterinsights_sitenote_note":"","_monsterinsights_sitenote_category":0,"footnotes":""},"class_list":["post-129","page","type-page","status-publish","hentry"],"aioseo_notices":[],"_links":{"self":[{"href":"https:\/\/kozmeticki-salon-catharsis.com\/index.php?rest_route=\/wp\/v2\/pages\/129","targetHints":{"allow":["GET"]}}],"collection":[{"href":"https:\/\/kozmeticki-salon-catharsis.com\/index.php?rest_route=\/wp\/v2\/pages"}],"about":[{"href":"https:\/\/kozmeticki-salon-catharsis.com\/index.php?rest_route=\/wp\/v2\/types\/page"}],"author":[{"embeddable":true,"href":"https:\/\/kozmeticki-salon-catharsis.com\/index.php?rest_route=\/wp\/v2\/users\/1"}],"replies":[{"embeddable":true,"href":"https:\/\/kozmeticki-salon-catharsis.com\/index.php?rest_route=%2Fwp%2Fv2%2Fcomments&post=129"}],"version-history":[{"count":6,"href":"https:\/\/kozmeticki-salon-catharsis.com\/index.php?rest_route=\/wp\/v2\/pages\/129\/revisions"}],"predecessor-version":[{"id":168,"href":"https:\/\/kozmeticki-salon-catharsis.com\/index.php?rest_route=\/wp\/v2\/pages\/129\/revisions\/168"}],"wp:attachment":[{"href":"https:\/\/kozmeticki-salon-catharsis.com\/index.php?rest_route=%2Fwp%2Fv2%2Fmedia&parent=129"}],"curies":[{"name":"wp","href":"https:\/\/api.w.org\/{rel}","templated":true}]}}