{"id":186,"date":"2021-03-11T16:06:31","date_gmt":"2021-03-11T16:06:31","guid":{"rendered":"http:\/\/kozmeticki-salon-catharsis.com\/?page_id=186"},"modified":"2021-03-11T16:18:47","modified_gmt":"2021-03-11T16:18:47","slug":"novosti-u-salonu","status":"publish","type":"page","link":"https:\/\/kozmeticki-salon-catharsis.com\/?page_id=186","title":{"rendered":"NOVOSTI U SALONU"},"content":{"rendered":"\n<figure class=\"wp-block-embed is-type-video is-provider-youtube wp-block-embed-youtube wp-embed-aspect-16-9 wp-has-aspect-ratio\"><div class=\"wp-block-embed__wrapper\">\n<iframe loading=\"lazy\" title=\"!! \ud835\ude49\ud835\ude4a\ud835\ude51\ud835\ude4a \ud835\ude50 \ud835\ude43\ud835\ude4d\ud835\ude51\ud835\ude3c\ud835\ude4f\ud835\ude4e\ud835\ude46\ud835\ude4a\ud835\ude45 !! Te\u010daj anticelulitne masa\u017ee Vacuslim Inarie\" width=\"1020\" height=\"574\" src=\"https:\/\/www.youtube.com\/embed\/HvwGuW-2TIY?start=35&#038;feature=oembed\" frameborder=\"0\" allow=\"accelerometer; autoplay; clipboard-write; encrypted-media; gyroscope; picture-in-picture\" allowfullscreen><\/iframe>\n<\/div><\/figure>\n\n\n\n<h1 class=\"has-text-align-center wp-block-heading\"><span style=\"color:#11686b\" class=\"has-inline-color\"><strong>VACUSLIM INARIE<\/strong> MASA\u017dA<\/span><\/h1>\n\n\n\n<p class=\"has-drop-cap\">Vacuslim Inarie je prava revolucija me\u0111u anticelulitnim masa\u017eama. Radi se o novoj anticelulitnoj tehnici kod koje se upotrebljava namjenski, osmi\u0161ljeno pomagalo za masa\u017eu, kojeg zovemo\u00a0<strong>Vacuslim Inarie\u00a0<strong>element<\/strong><\/strong>.<br>Zbog, trenutno, vidljivih rezultata interes za ovu masa\u017eu neprestano raste, a evo i za\u0161to!<\/p>\n\n\n\n<h4 class=\"wp-block-heading\">Rezultati Vacuslim Inarie anticelulitne masa\u017ee su odmah vidljivi:<\/h4>\n\n\n\n<ul class=\"wp-block-list\" id=\"block-49785d74-87aa-4d1b-a065-341cf9dcbb41\"><li>smanjen opseg<\/li><li>izgubljena te\u017eina<\/li><li>gla\u0111a i bar\u0161unasta ko\u017ea<\/li><\/ul>\n\n\n\n<h4 class=\"wp-block-heading\">Za\u0161to Vacuslim Inarie masa\u017ea daje tako dobre rezultate?<\/h4>\n\n\n\n<p>Pomo\u0107u, posebno, osmi\u0161ljenog elementa lak\u0161e se pristupa te\u0161ko dostupnim mjesta. S njim tako\u0111er posti\u017eemo brzu i dugotrajnu promjenu masnog tkiva i podru\u010dja gdje se nalazi celulit.<\/p>\n\n\n\n<p><strong>Sa elementom to posti\u017eemo na \u010detiri na\u010dina:<\/strong><\/p>\n\n\n\n<ul class=\"wp-block-list\"><li>rad na povr\u0161ini tkiva (masa\u017ea povr\u0161inskog tkiva)<\/li><li>rad na predjelu dubinskog tkiva (masa\u017ea dubokog tkiva)<\/li><li>rastezanje tkiva (masno tkivo i stisnuti mi\u0161i\u0107i)<\/li><li>zatezanje ko\u017ee &#8211; lifting<\/li><\/ul>\n\n\n\n<h4 class=\"wp-block-heading\">Za \u0161to je namijenjena ova masa\u017ea?<\/h4>\n\n\n\n<ul class=\"wp-block-list\"><li>korekciji ili preoblikovanju tijela i liftingu<\/li><li>anticelulitnoj masa\u017ei<\/li><li>fitnes masa\u017ei<\/li><li>masa\u017ei tkiva<\/li><\/ul>\n\n\n\n<h4 class=\"wp-block-heading\">Glavna prednost Vacuslim Inarie masa\u017ee je u\u010dinak limfne drena\u017ee ili eliminiranje&nbsp;celulita i masnih naslaga te podizanje ko\u017ee (u\u010dvr\u0161\u0107ivanje i zatezanje ko\u017ee).<\/h4>\n\n\n\n<p>Svaki tretman po\u010dinje s otvaranjem limfnog sustava, jer sa stimulacijom limfnih \u010dvorova ispraznimo limfni sustav i pripremimo predjel za duboku masa\u017eu tkiva. Metoda za preoblikovanje tijela Vacuslim 48 pove\u0107a sposobnost tijela, da izlu\u010di toksine kroz limfu, preoblikuje tijelo te pospje\u0161i proces razgradnje masno\u0107a.Ova tehnika se uvijek izvodi prva i ona je priprema za izvo\u0111enje masa\u017ee na dubinskom tkivu.<\/p>\n\n\n\n<hr class=\"wp-block-separator has-text-color has-background has-pale-pink-background-color has-pale-pink-color is-style-default\"\/>\n\n\n\n<h1 class=\"has-text-align-center wp-block-heading\"><strong><span class=\"has-inline-color has-pale-pink-color\">USKORO!<\/span><\/strong><\/h1>\n\n\n\n<div class=\"wp-block-columns is-layout-flex wp-container-core-columns-is-layout-9d6595d7 wp-block-columns-is-layout-flex\">\n<div class=\"wp-block-column is-layout-flow wp-block-column-is-layout-flow\" style=\"flex-basis:33.33%\">\n<figure class=\"wp-block-embed is-type-video is-provider-youtube wp-block-embed-youtube wp-embed-aspect-16-9 wp-has-aspect-ratio\"><div class=\"wp-block-embed__wrapper\">\n<iframe loading=\"lazy\" title=\"CND\u2122 PLEXIGEL | Brush-in-a-Bottle Gel Nail Enhancement System\" width=\"1020\" height=\"574\" src=\"https:\/\/www.youtube.com\/embed\/jCgm-76GjUE?feature=oembed\" frameborder=\"0\" allow=\"accelerometer; autoplay; clipboard-write; encrypted-media; gyroscope; picture-in-picture\" allowfullscreen><\/iframe>\n<\/div><figcaption>\u0160to je plexi gel?<\/figcaption><\/figure>\n<\/div>\n\n\n\n<div class=\"wp-block-column is-layout-flow wp-block-column-is-layout-flow\" style=\"flex-basis:66.66%\">\n<h2 class=\"has-text-align-center wp-block-heading\">CND\u2122 PLEXIGEL&nbsp;<\/h2>\n\n\n\n<p>CND PLEXIGEL\u2122 SYSTEM &#8211; jedinstveni gel u bo\u010dici koji poma\u017ee oja\u010dati, popraviti, izravnati, oblikovati ili izgraditi nokat.<br>Savr\u0161en za jo\u0161 du\u017ee trajanje Trajnog laka, popravak nokta ili mini produ\u017eivanje. <\/p>\n<\/div>\n<\/div>\n","protected":false},"excerpt":{"rendered":"<p>VACUSLIM INARIE MASA\u017dA Vacuslim Inarie je prava revolucija me\u0111u anticelulitnim masa\u017eama. Radi se o novoj anticelulitnoj tehnici kod koje se upotrebljava namjenski, osmi\u0161ljeno pomagalo za masa\u017eu, kojeg zovemo\u00a0Vacuslim Inarie\u00a0element.Zbog, trenutno, vidljivih rezultata interes za ovu masa\u017eu neprestano raste, a evo i za\u0161to! Rezultati Vacuslim Inarie anticelulitne masa\u017ee su odmah vidljivi: smanjen opseg izgubljena te\u017eina gla\u0111a &hellip; <\/p>\n","protected":false},"author":1,"featured_media":0,"parent":122,"menu_order":0,"comment_status":"closed","ping_status":"closed","template":"","meta":{"_monsterinsights_skip_tracking":false,"_monsterinsights_sitenote_active":false,"_monsterinsights_sitenote_note":"","_monsterinsights_sitenote_category":0,"footnotes":""},"class_list":["post-186","page","type-page","status-publish","hentry"],"aioseo_notices":[],"_links":{"self":[{"href":"https:\/\/kozmeticki-salon-catharsis.com\/index.php?rest_route=\/wp\/v2\/pages\/186","targetHints":{"allow":["GET"]}}],"collection":[{"href":"https:\/\/kozmeticki-salon-catharsis.com\/index.php?rest_route=\/wp\/v2\/pages"}],"about":[{"href":"https:\/\/kozmeticki-salon-catharsis.com\/index.php?rest_route=\/wp\/v2\/types\/page"}],"author":[{"embeddable":true,"href":"https:\/\/kozmeticki-salon-catharsis.com\/index.php?rest_route=\/wp\/v2\/users\/1"}],"replies":[{"embeddable":true,"href":"https:\/\/kozmeticki-salon-catharsis.com\/index.php?rest_route=%2Fwp%2Fv2%2Fcomments&post=186"}],"version-history":[{"count":6,"href":"https:\/\/kozmeticki-salon-catharsis.com\/index.php?rest_route=\/wp\/v2\/pages\/186\/revisions"}],"predecessor-version":[{"id":196,"href":"https:\/\/kozmeticki-salon-catharsis.com\/index.php?rest_route=\/wp\/v2\/pages\/186\/revisions\/196"}],"up":[{"embeddable":true,"href":"https:\/\/kozmeticki-salon-catharsis.com\/index.php?rest_route=\/wp\/v2\/pages\/122"}],"wp:attachment":[{"href":"https:\/\/kozmeticki-salon-catharsis.com\/index.php?rest_route=%2Fwp%2Fv2%2Fmedia&parent=186"}],"curies":[{"name":"wp","href":"https:\/\/api.w.org\/{rel}","templated":true}]}}