{"id":2,"date":"2019-11-15T18:01:12","date_gmt":"2019-11-15T18:01:12","guid":{"rendered":"http:\/\/kozmeticki-salon-catharsis.com\/?page_id=2"},"modified":"2024-02-06T11:18:13","modified_gmt":"2024-02-06T11:18:13","slug":"sample-page","status":"publish","type":"page","link":"https:\/\/kozmeticki-salon-catharsis.com\/","title":{"rendered":"O NAMA"},"content":{"rendered":"\n<p class=\"has-drop-cap\">Kozmeti\u010dki salon \u02ddCatharsis\u00b4 otvoren je u svibnju 2007. godine. Stvoren je kao savr\u0161en izlazak i bijeg od svakodnevnog stresa i u\u017eurbanog na\u010dina \u017eivota kojima smo \u010desto okru\u017eeni. Nekoliko ukradenih trenutaka provedenih u na\u0161em salonu &#8220;Catharsis&#8221; pru\u017eit \u0107e Vam blagodati luksuznog opu\u0161tanja kakve&nbsp;i zaslu\u017eujete.<\/p>\n\n\n\n<p>&nbsp;Ako trebate masa\u017eu nakon dugog&nbsp;napornog dana ili ste se&nbsp;spremni po\u010dastiti &nbsp;njegom cijelog tijela , nudimo vam toplo ure\u0111eni interijer salona u kojemu \u0107ete se osje\u0107ati kao kod ku\u0107e&nbsp;i osoblje koje \u0107e vam biti u potpunosti&nbsp;posve\u0107eno<\/p>\n\n\n\n<blockquote class=\"wp-block-quote is-layout-flow wp-block-quote-is-layout-flow\">\n<p> Nudimo tretman medicinske pedikure koji podrazumijeva sve dijelove klasi\u010dne pedikure uz dodatak rje\u0161avanja medicinskih problema poput protetike, ragada, uraslog notka, zadebljane ko\u017ee, \u017euljeva, kurjeg oka, natisaka i ostalih ko\u017enih problema na nogama.<\/p>\n<\/blockquote>\n\n\n\n<figure class=\"wp-block-gallery has-nested-images columns-default is-cropped wp-block-gallery-1 is-layout-flex wp-block-gallery-is-layout-flex\">\n<figure class=\"wp-block-image size-large\"><img loading=\"lazy\" decoding=\"async\" width=\"1024\" height=\"683\" data-id=\"73\" src=\"https:\/\/kozmeticki-salon-catharsis.com\/wp-content\/uploads\/2020\/07\/GKR_7987-1024x683.jpg\" alt=\"Kozmeti\u010dki salon Catharsis\" class=\"wp-image-73\" srcset=\"https:\/\/kozmeticki-salon-catharsis.com\/wp-content\/uploads\/2020\/07\/GKR_7987-1024x683.jpg 1024w, https:\/\/kozmeticki-salon-catharsis.com\/wp-content\/uploads\/2020\/07\/GKR_7987-300x200.jpg 300w, https:\/\/kozmeticki-salon-catharsis.com\/wp-content\/uploads\/2020\/07\/GKR_7987-768x512.jpg 768w, https:\/\/kozmeticki-salon-catharsis.com\/wp-content\/uploads\/2020\/07\/GKR_7987-1536x1024.jpg 1536w, https:\/\/kozmeticki-salon-catharsis.com\/wp-content\/uploads\/2020\/07\/GKR_7987-2048x1366.jpg 2048w, https:\/\/kozmeticki-salon-catharsis.com\/wp-content\/uploads\/2020\/07\/GKR_7987-450x300.jpg 450w, https:\/\/kozmeticki-salon-catharsis.com\/wp-content\/uploads\/2020\/07\/GKR_7987-90x60.jpg 90w\" sizes=\"auto, (max-width: 1024px) 100vw, 1024px\" \/><figcaption class=\"wp-element-caption\">Kozmeti\u010dki salon Catharsis<\/figcaption><\/figure>\n\n\n\n<figure class=\"wp-block-image size-large\"><img loading=\"lazy\" decoding=\"async\" width=\"1024\" height=\"683\" data-id=\"93\" src=\"https:\/\/kozmeticki-salon-catharsis.com\/wp-content\/uploads\/2020\/07\/GKR_7992-1-1024x683.jpg\" alt=\"\" class=\"wp-image-93\" srcset=\"https:\/\/kozmeticki-salon-catharsis.com\/wp-content\/uploads\/2020\/07\/GKR_7992-1-1024x683.jpg 1024w, https:\/\/kozmeticki-salon-catharsis.com\/wp-content\/uploads\/2020\/07\/GKR_7992-1-300x200.jpg 300w, https:\/\/kozmeticki-salon-catharsis.com\/wp-content\/uploads\/2020\/07\/GKR_7992-1-768x512.jpg 768w, https:\/\/kozmeticki-salon-catharsis.com\/wp-content\/uploads\/2020\/07\/GKR_7992-1-1536x1024.jpg 1536w, https:\/\/kozmeticki-salon-catharsis.com\/wp-content\/uploads\/2020\/07\/GKR_7992-1-2048x1366.jpg 2048w, https:\/\/kozmeticki-salon-catharsis.com\/wp-content\/uploads\/2020\/07\/GKR_7992-1-450x300.jpg 450w, https:\/\/kozmeticki-salon-catharsis.com\/wp-content\/uploads\/2020\/07\/GKR_7992-1-90x60.jpg 90w\" sizes=\"auto, (max-width: 1024px) 100vw, 1024px\" \/><\/figure>\n<\/figure>\n\n\n\n<p> Tako\u0111er smo me\u0111u prvima&nbsp;koji su u svoju ponudu uvrstili&nbsp;EKSTENZIJU TREPAVICA &#8211; bezbolan na\u010din koji Vam daje o\u010dravaju\u0107i i dugotrajan&nbsp;izgled umjetnih trepavica, te s ponosom mo\u017eemo tvrditi da \u0107e vas na\u0161e dugotrajno iskustvo dovesti do savr\u0161enih rezultata. <\/p>\n\n\n\n<blockquote class=\"wp-block-quote is-layout-flow wp-block-quote-is-layout-flow\">\n<p> Osim \u0161to se na\u0161 salon nalazi na pristupa\u010dnom mjestu, tako\u0111er se mo\u017eemo vi\u0107iti i zaista pristupa\u010dnim cijenama, jer na\u0161 salon smatra da se svi zaslu\u017euju osje\u0107ati lijepo.. <\/p>\n\n\n\n<p><\/p>\n<\/blockquote>\n\n\n\n<div class=\"wp-block-group\"><div class=\"wp-block-group__inner-container is-layout-flow wp-block-group-is-layout-flow\">\n<div class=\"wp-block-group\"><div class=\"wp-block-group__inner-container is-layout-flow wp-block-group-is-layout-flow\"><\/div><\/div>\n<\/div><\/div>\n","protected":false},"excerpt":{"rendered":"<p>Kozmeti\u010dki salon \u02ddCatharsis\u00b4 otvoren je u svibnju 2007. godine. Stvoren je kao savr\u0161en izlazak i bijeg od svakodnevnog stresa i u\u017eurbanog na\u010dina \u017eivota kojima smo \u010desto okru\u017eeni. Nekoliko ukradenih trenutaka provedenih u na\u0161em salonu &#8220;Catharsis&#8221; pru\u017eit \u0107e Vam blagodati luksuznog opu\u0161tanja kakve&nbsp;i zaslu\u017eujete. &nbsp;Ako trebate masa\u017eu nakon dugog&nbsp;napornog dana ili ste se&nbsp;spremni po\u010dastiti &nbsp;njegom cijelog &hellip; <\/p>\n","protected":false},"author":1,"featured_media":0,"parent":0,"menu_order":0,"comment_status":"closed","ping_status":"open","template":"","meta":{"_monsterinsights_skip_tracking":false,"_monsterinsights_sitenote_active":false,"_monsterinsights_sitenote_note":"","_monsterinsights_sitenote_category":0,"footnotes":""},"class_list":["post-2","page","type-page","status-publish","hentry"],"aioseo_notices":[],"_links":{"self":[{"href":"https:\/\/kozmeticki-salon-catharsis.com\/index.php?rest_route=\/wp\/v2\/pages\/2","targetHints":{"allow":["GET"]}}],"collection":[{"href":"https:\/\/kozmeticki-salon-catharsis.com\/index.php?rest_route=\/wp\/v2\/pages"}],"about":[{"href":"https:\/\/kozmeticki-salon-catharsis.com\/index.php?rest_route=\/wp\/v2\/types\/page"}],"author":[{"embeddable":true,"href":"https:\/\/kozmeticki-salon-catharsis.com\/index.php?rest_route=\/wp\/v2\/users\/1"}],"replies":[{"embeddable":true,"href":"https:\/\/kozmeticki-salon-catharsis.com\/index.php?rest_route=%2Fwp%2Fv2%2Fcomments&post=2"}],"version-history":[{"count":5,"href":"https:\/\/kozmeticki-salon-catharsis.com\/index.php?rest_route=\/wp\/v2\/pages\/2\/revisions"}],"predecessor-version":[{"id":248,"href":"https:\/\/kozmeticki-salon-catharsis.com\/index.php?rest_route=\/wp\/v2\/pages\/2\/revisions\/248"}],"wp:attachment":[{"href":"https:\/\/kozmeticki-salon-catharsis.com\/index.php?rest_route=%2Fwp%2Fv2%2Fmedia&parent=2"}],"curies":[{"name":"wp","href":"https:\/\/api.w.org\/{rel}","templated":true}]}}