{"id":42,"date":"2019-11-19T16:57:23","date_gmt":"2019-11-19T16:57:23","guid":{"rendered":"http:\/\/kozmeticki-salon-catharsis.com\/?page_id=42"},"modified":"2025-02-20T09:38:20","modified_gmt":"2025-02-20T09:38:20","slug":"pisi-nam","status":"publish","type":"page","link":"https:\/\/kozmeticki-salon-catharsis.com\/?page_id=42","title":{"rendered":"PI\u0160I NAM"},"content":{"rendered":"<div class=\"wpforms-container wpforms-container-full wpforms-block wpforms-block-0b0d30ee-d6b0-4c8e-8683-ae103f23ca7a\" id=\"wpforms-44\"><form id=\"wpforms-form-44\" class=\"wpforms-validate wpforms-form\" data-formid=\"44\" method=\"post\" enctype=\"multipart\/form-data\" action=\"\/index.php?rest_route=%2Fwp%2Fv2%2Fpages%2F42\" data-token=\"eaf3c85aa8502eb736ae8c899de46b0e\" data-token-time=\"1777434946\"><noscript class=\"wpforms-error-noscript\">Please enable JavaScript in your browser to complete this form.<\/noscript><div class=\"wpforms-field-container\"><div id=\"wpforms-44-field_0-container\" class=\"wpforms-field wpforms-field-name\" data-field-id=\"0\"><label class=\"wpforms-field-label\">Ime <span class=\"wpforms-required-label\">*<\/span><\/label><div class=\"wpforms-field-row wpforms-field-medium\"><div class=\"wpforms-field-row-block wpforms-first wpforms-one-half\"><input type=\"text\" id=\"wpforms-44-field_0\" class=\"wpforms-field-name-first wpforms-field-required\" name=\"wpforms[fields][0][first]\" required><label for=\"wpforms-44-field_0\" class=\"wpforms-field-sublabel after\">First<\/label><\/div><div class=\"wpforms-field-row-block wpforms-one-half\"><input type=\"text\" id=\"wpforms-44-field_0-last\" class=\"wpforms-field-name-last wpforms-field-required\" name=\"wpforms[fields][0][last]\" required><label for=\"wpforms-44-field_0-last\" class=\"wpforms-field-sublabel after\">Last<\/label><\/div><\/div><\/div><div id=\"wpforms-44-field_1-container\" class=\"wpforms-field wpforms-field-email\" data-field-id=\"1\"><label class=\"wpforms-field-label\" for=\"wpforms-44-field_1\">E-mail <span class=\"wpforms-required-label\">*<\/span><\/label><input type=\"email\" id=\"wpforms-44-field_1\" class=\"wpforms-field-medium wpforms-field-required\" name=\"wpforms[fields][1]\" spellcheck=\"false\" required><\/div><div id=\"wpforms-44-field_5-container\" class=\"wpforms-field wpforms-field-number\" data-field-id=\"5\"><label class=\"wpforms-field-label\" for=\"wpforms-44-field_5\">Broj mobitela:<\/label><input type=\"number\" id=\"wpforms-44-field_5\" class=\"wpforms-field-medium\" name=\"wpforms[fields][5]\" step=\"any\" ><\/div><div id=\"wpforms-44-field_2-container\" class=\"wpforms-field wpforms-field-textarea\" data-field-id=\"2\"><label class=\"wpforms-field-label\" for=\"wpforms-44-field_2\">Pi\u0161i nam: <span class=\"wpforms-required-label\">*<\/span><\/label><textarea id=\"wpforms-44-field_2\" class=\"wpforms-field-medium wpforms-field-required\" name=\"wpforms[fields][2]\" required><\/textarea><\/div><\/div><!-- .wpforms-field-container --><div class=\"wpforms-field wpforms-field-hp\"><label for=\"wpforms-44-field-hp\" class=\"wpforms-field-label\">Comment<\/label><input type=\"text\" name=\"wpforms[hp]\" id=\"wpforms-44-field-hp\" class=\"wpforms-field-medium\"><\/div><div class=\"wpforms-submit-container\" ><input type=\"hidden\" name=\"wpforms[id]\" value=\"44\"><input type=\"hidden\" name=\"page_title\" value=\"\"><input type=\"hidden\" name=\"page_url\" value=\"https:\/\/kozmeticki-salon-catharsis.com\/index.php?rest_route=\/wp\/v2\/pages\/42\"><input type=\"hidden\" name=\"url_referer\" value=\"\"><button type=\"submit\" name=\"wpforms[submit]\" id=\"wpforms-submit-44\" class=\"wpforms-submit\" data-alt-text=\"\u0160alje se...\" data-submit-text=\"Po\u0161alji\" aria-live=\"assertive\" value=\"wpforms-submit\">Po\u0161alji<\/button><\/div><\/form><\/div>  <!-- .wpforms-container -->\n\n\n<h2 class=\"wp-block-heading has-text-color\" style=\"color:#148d91\">Gdje smo?<\/h2>\n\n\n\n<p>Trako\u0161\u0107anska 35, Tre\u0161njevka<br> T: 01\/3820 501<br> M: 099\/ 365 7150<br> E: <a href=\"mailto:catharsis.salon@gmail.com\">catharsis.salon@gmail.com<\/a><\/p>\n\n\n\n<figure><iframe loading=\"lazy\" src=\"https:\/\/www.google.com\/maps\/embed?pb=!1m18!1m12!1m3!1d2404.6758299730664!2d15.95162124491146!3d45.802042432978105!2m3!1f0!2f0!3f0!3m2!1i1024!2i768!4f13.1!3m3!1m2!1s0x4765d6ea168066a1%3A0xdfec95f17c2b3309!2sKozmeti%C4%8Dki%20salon%20Catharsis!5e0!3m2!1sen!2shr!4v1574183003431!5m2!1sen!2shr\" width=\"600\" height=\"450\" frameborder=\"0\" style=\"border:0;\" allowfullscreen=\"\"><\/iframe><\/figure>\n\n\n\n<h2 class=\"wp-block-heading has-text-color\" style=\"color:#148d91\">Radno vrijeme:<\/h2>\n\n\n\n<p>PONEDJELJAK -PETAK<br>08:00 &#8211; 21:00h<br><br>SUBOTA<br>09:00 &#8211; 14:00h<br><br>NEDJELJA<br>Ne radimo<br><\/p>\n","protected":false},"excerpt":{"rendered":"<p>Gdje smo? Trako\u0161\u0107anska 35, Tre\u0161njevka T: 01\/3820 501 M: 099\/ 365 7150 E: catharsis.salon@gmail.com Radno vrijeme: PONEDJELJAK -PETAK08:00 &#8211; 21:00h SUBOTA09:00 &#8211; 14:00h NEDJELJANe radimo<\/p>\n","protected":false},"author":1,"featured_media":43,"parent":0,"menu_order":0,"comment_status":"closed","ping_status":"closed","template":"","meta":{"_monsterinsights_skip_tracking":false,"_monsterinsights_sitenote_active":false,"_monsterinsights_sitenote_note":"","_monsterinsights_sitenote_category":0,"footnotes":""},"class_list":["post-42","page","type-page","status-publish","has-post-thumbnail","hentry"],"aioseo_notices":[],"_links":{"self":[{"href":"https:\/\/kozmeticki-salon-catharsis.com\/index.php?rest_route=\/wp\/v2\/pages\/42","targetHints":{"allow":["GET"]}}],"collection":[{"href":"https:\/\/kozmeticki-salon-catharsis.com\/index.php?rest_route=\/wp\/v2\/pages"}],"about":[{"href":"https:\/\/kozmeticki-salon-catharsis.com\/index.php?rest_route=\/wp\/v2\/types\/page"}],"author":[{"embeddable":true,"href":"https:\/\/kozmeticki-salon-catharsis.com\/index.php?rest_route=\/wp\/v2\/users\/1"}],"replies":[{"embeddable":true,"href":"https:\/\/kozmeticki-salon-catharsis.com\/index.php?rest_route=%2Fwp%2Fv2%2Fcomments&post=42"}],"version-history":[{"count":9,"href":"https:\/\/kozmeticki-salon-catharsis.com\/index.php?rest_route=\/wp\/v2\/pages\/42\/revisions"}],"predecessor-version":[{"id":270,"href":"https:\/\/kozmeticki-salon-catharsis.com\/index.php?rest_route=\/wp\/v2\/pages\/42\/revisions\/270"}],"wp:featuredmedia":[{"embeddable":true,"href":"https:\/\/kozmeticki-salon-catharsis.com\/index.php?rest_route=\/wp\/v2\/media\/43"}],"wp:attachment":[{"href":"https:\/\/kozmeticki-salon-catharsis.com\/index.php?rest_route=%2Fwp%2Fv2%2Fmedia&parent=42"}],"curies":[{"name":"wp","href":"https:\/\/api.w.org\/{rel}","templated":true}]}}